{"id":1593,"date":"2021-02-24T07:09:17","date_gmt":"2021-02-24T07:09:17","guid":{"rendered":"http:\/\/asla.cz\/anfrage\/"},"modified":"2021-05-18T07:29:17","modified_gmt":"2021-05-18T05:29:17","slug":"anfrage","status":"publish","type":"page","link":"https:\/\/asla.cz\/de\/anfrage\/","title":{"rendered":"Anfrage"},"content":{"rendered":"\t\t<div data-elementor-type=\"wp-page\" data-elementor-id=\"1593\" class=\"elementor elementor-1593 elementor-591\" data-elementor-settings=\"[]\">\n\t\t\t\t\t\t<div class=\"elementor-inner\">\n\t\t\t\t\t\t\t<div class=\"elementor-section-wrap\">\n\t\t\t\t\t\t\t<section data-particle_enable=\"false\" data-particle-mobile-disabled=\"false\" class=\"elementor-section elementor-top-section elementor-element elementor-element-45ae90c8 elementor-section-height-min-height elementor-section-items-stretch elementor-section-content-middle elementor-reverse-mobile elementor-reverse-tablet elementor-section-boxed elementor-section-height-default\" data-id=\"45ae90c8\" data-element_type=\"section\">\n\t\t\t\t\t\t<div class=\"elementor-container elementor-column-gap-no\">\n\t\t\t\t\t\t\t<div class=\"elementor-row\">\n\t\t\t\t\t<div class=\"elementor-column elementor-col-100 elementor-top-column elementor-element elementor-element-75323c37\" data-id=\"75323c37\" data-element_type=\"column\">\n\t\t\t<div class=\"elementor-column-wrap elementor-element-populated\">\n\t\t\t\t\t\t\t<div class=\"elementor-widget-wrap\">\n\t\t\t\t\t\t<div class=\"elementor-element elementor-element-60fb7119 elementor-invisible elementor-widget elementor-widget-heading\" data-id=\"60fb7119\" data-element_type=\"widget\" data-settings=\"{&quot;_animation&quot;:&quot;fadeInUp&quot;,&quot;_animation_delay&quot;:200}\" data-widget_type=\"heading.default\">\n\t\t\t\t<div class=\"elementor-widget-container\">\n\t\t\t<h1 class=\"elementor-heading-title elementor-size-default\">Online-Anfrage<\/h1>\t\t<\/div>\n\t\t\t\t<\/div>\n\t\t\t\t<div class=\"elementor-element elementor-element-6d76ac7f elementor-widget-divider--view-line elementor-widget elementor-widget-divider\" data-id=\"6d76ac7f\" data-element_type=\"widget\" data-widget_type=\"divider.default\">\n\t\t\t\t<div class=\"elementor-widget-container\">\n\t\t\t\t\t<div class=\"elementor-divider\">\n\t\t\t<span class=\"elementor-divider-separator\">\n\t\t\t\t\t\t<\/span>\n\t\t<\/div>\n\t\t\t\t<\/div>\n\t\t\t\t<\/div>\n\t\t\t\t<div class=\"elementor-element elementor-element-2121c7ef elementor-widget elementor-widget-text-editor\" data-id=\"2121c7ef\" data-element_type=\"widget\" data-widget_type=\"text-editor.default\">\n\t\t\t\t<div class=\"elementor-widget-container\">\n\t\t\t\t\t\t\t\t<div class=\"elementor-text-editor elementor-clearfix\">\n\t\t\t\t\t<p>Haben Sie Interesse an unseren Leistungen? Nutzen Sie das unverbindliche, einfache Formular <br \/>und wir welden uns bei Ihnen bald zur\u00fcck.<\/p>\n\t\t\t\t\t<\/div>\n\t\t\t\t\t\t<\/div>\n\t\t\t\t<\/div>\n\t\t\t\t\t\t<\/div>\n\t\t\t\t\t<\/div>\n\t\t<\/div>\n\t\t\t\t\t\t\t\t<\/div>\n\t\t\t\t\t<\/div>\n\t\t<\/section>\n\t\t\t\t<section data-particle_enable=\"false\" data-particle-mobile-disabled=\"false\" class=\"elementor-section elementor-top-section elementor-element elementor-element-b5bc610 elementor-section-height-min-height elementor-section-items-stretch elementor-section-content-middle elementor-reverse-mobile elementor-reverse-tablet elementor-section-boxed elementor-section-height-default\" data-id=\"b5bc610\" data-element_type=\"section\" data-settings=\"{&quot;background_background&quot;:&quot;classic&quot;}\">\n\t\t\t\t\t\t\t<div class=\"elementor-background-overlay\"><\/div>\n\t\t\t\t\t\t\t<div class=\"elementor-container elementor-column-gap-no\">\n\t\t\t\t\t\t\t<div class=\"elementor-row\">\n\t\t\t\t\t<div class=\"elementor-column elementor-col-100 elementor-top-column elementor-element elementor-element-80d10f7\" data-id=\"80d10f7\" data-element_type=\"column\" data-settings=\"{&quot;background_background&quot;:&quot;classic&quot;}\">\n\t\t\t<div class=\"elementor-column-wrap elementor-element-populated\">\n\t\t\t\t\t\t\t<div class=\"elementor-widget-wrap\">\n\t\t\t\t\t\t<div class=\"elementor-element elementor-element-203d420 elementor-button-align-end elementor-mobile-button-align-center elementor-widget elementor-widget-form\" data-id=\"203d420\" data-element_type=\"widget\" data-settings=\"{&quot;button_width&quot;:&quot;50&quot;,&quot;step_next_label&quot;:&quot;Next&quot;,&quot;step_previous_label&quot;:&quot;Previous&quot;,&quot;step_type&quot;:&quot;number_text&quot;,&quot;step_icon_shape&quot;:&quot;circle&quot;}\" data-widget_type=\"form.default\">\n\t\t\t\t<div class=\"elementor-widget-container\">\n\t\t\t\t\t<form class=\"elementor-form\" method=\"post\" id=\"anfrage_form\" name=\"Anfrageformular\">\n\t\t\t<input type=\"hidden\" name=\"post_id\" value=\"1593\"\/>\n\t\t\t<input type=\"hidden\" name=\"form_id\" value=\"203d420\"\/>\n\t\t\t<input type=\"hidden\" name=\"referer_title\" value=\"ASLA | Ocelov\u00e9 stavby a&nbsp;z\u00e1me\u010dnick\u00e9 v\u00fdrobky\" \/>\n\n\t\t\t\n\t\t\t<div class=\"elementor-form-fields-wrapper elementor-labels-above\">\n\t\t\t\t\t\t\t\t<div class=\"elementor-field-type-text\">\n\t\t\t\t\t<input size=\"1\" type=\"text\" name=\"form_fields[field_2]\" id=\"form-field-field_2\" class=\"elementor-field elementor-size-md \" style=\"display:none !important;\">\t\t\t\t<\/div>\n\t\t\t\t\t\t\t\t<div class=\"elementor-field-type-text elementor-field-group elementor-column elementor-field-group-jmeno elementor-col-50 elementor-field-required elementor-mark-required\">\n\t\t\t\t\t<label for=\"form-field-jmeno\" class=\"elementor-field-label\">Vorname und Name<\/label><input size=\"1\" type=\"text\" name=\"form_fields[jmeno]\" id=\"form-field-jmeno\" class=\"elementor-field elementor-size-md  elementor-field-textual\" placeholder=\"z.B. Martin Musterrmann\" required=\"required\" aria-required=\"true\">\t\t\t\t<\/div>\n\t\t\t\t\t\t\t\t<div class=\"elementor-field-type-text elementor-field-group elementor-column elementor-field-group-spolecnost elementor-col-50\">\n\t\t\t\t\t<label for=\"form-field-spolecnost\" class=\"elementor-field-label\">Gesellschaft<\/label><input size=\"1\" type=\"text\" name=\"form_fields[spolecnost]\" id=\"form-field-spolecnost\" class=\"elementor-field elementor-size-md  elementor-field-textual\" placeholder=\"z.B. CzechCompany, s.r.o.\">\t\t\t\t<\/div>\n\t\t\t\t\t\t\t\t<div class=\"elementor-field-type-email elementor-field-group elementor-column elementor-field-group-email elementor-col-50 elementor-field-required elementor-mark-required\">\n\t\t\t\t\t<label for=\"form-field-email\" class=\"elementor-field-label\">E-Mail<\/label><input size=\"1\" type=\"email\" name=\"form_fields[email]\" id=\"form-field-email\" class=\"elementor-field elementor-size-md  elementor-field-textual\" placeholder=\"z.B. martin.mustermann@seznam.cz\" required=\"required\" aria-required=\"true\">\t\t\t\t<\/div>\n\t\t\t\t\t\t\t\t<div class=\"elementor-field-type-tel elementor-field-group elementor-column elementor-field-group-telefon elementor-col-50 elementor-field-required elementor-mark-required\">\n\t\t\t\t\t<label for=\"form-field-telefon\" class=\"elementor-field-label\">Telefon<\/label><input size=\"1\" type=\"tel\" name=\"form_fields[telefon]\" id=\"form-field-telefon\" class=\"elementor-field elementor-size-md  elementor-field-textual\" placeholder=\"z.B. +420 777 123 456\" required=\"required\" aria-required=\"true\" pattern=\"[0-9()#&amp;+*-=.]+\" title=\"Nur Nummern oder Telefon-Zeichen (#, -, *, etc) werden akzeptiert.\">\t\t\t\t<\/div>\n\t\t\t\t\t\t\t\t<div class=\"elementor-field-type-checkbox elementor-field-group elementor-column elementor-field-group-zajem_o elementor-col-50\">\n\t\t\t\t\t<label for=\"form-field-zajem_o\" class=\"elementor-field-label\">Ich habe Interesse an:<\/label><div class=\"elementor-field-subgroup  \"><span class=\"elementor-field-option\"><input type=\"checkbox\" value=\"Energiebauwerke und -schaltanlagen\" id=\"form-field-zajem_o-0\" name=\"form_fields[zajem_o][]\"> <label for=\"form-field-zajem_o-0\">Energiebauwerke und -schaltanlagen<\/label><\/span><span class=\"elementor-field-option\"><input type=\"checkbox\" value=\"Montierte Stahlhallen\" id=\"form-field-zajem_o-1\" name=\"form_fields[zajem_o][]\"> <label for=\"form-field-zajem_o-1\">Montierte Stahlhallen<\/label><\/span><span class=\"elementor-field-option\"><input type=\"checkbox\" value=\"Stahlprodukte\" id=\"form-field-zajem_o-2\" name=\"form_fields[zajem_o][]\"> <label for=\"form-field-zajem_o-2\">Stahlprodukte<\/label><\/span><span class=\"elementor-field-option\"><input type=\"checkbox\" value=\"Retrofits oder Produkte aus Kupfer\" id=\"form-field-zajem_o-3\" name=\"form_fields[zajem_o][]\"> <label for=\"form-field-zajem_o-3\">Retrofits oder Produkte aus Kupfer<\/label><\/span><\/div>\t\t\t\t<\/div>\n\t\t\t\t\t\t\t\t<div class=\"elementor-field-type-upload elementor-field-group elementor-column elementor-field-group-priloha elementor-col-50\">\n\t\t\t\t\t<label for=\"form-field-priloha\" class=\"elementor-field-label\">Anhang beif\u00fcgen<\/label><input type=\"file\" name=\"form_fields[priloha][]\" id=\"form-field-priloha\" class=\"elementor-field elementor-size-md  elementor-upload-field\" multiple=\"multiple\" data-maxsize=\"5\" data-maxsize-message=\"Diese Datei \u00fcbersteigt die maximale Dateigr\u00f6\u00dfe\">\t\t\t\t<\/div>\n\t\t\t\t\t\t\t\t<div class=\"elementor-field-type-textarea elementor-field-group elementor-column elementor-field-group-zprava elementor-col-100 elementor-field-required elementor-mark-required\">\n\t\t\t\t\t<label for=\"form-field-zprava\" class=\"elementor-field-label\">Kurzbeschreibung<\/label><textarea class=\"elementor-field-textual elementor-field  elementor-size-md\" name=\"form_fields[zprava]\" id=\"form-field-zprava\" rows=\"5\" placeholder=\"z.B. Unsere Anfrage betrifft...\" required=\"required\" aria-required=\"true\"><\/textarea>\t\t\t\t<\/div>\n\t\t\t\t\t\t\t\t<div class=\"elementor-field-type-html elementor-field-group elementor-column elementor-field-group-field_3 elementor-col-50\">\n\t\t\t\t\t<small>Mit einem Sternchen markierte Felder sind Pflichtfelder<\/small><br>\n<small>Mit dem Absenden der Nachricht nehme ich die <a href=\"ochrana-osobnich-udaju\" target=\"_blank\" style=\" text-decoration: underline; color: #333333; \">Verarbeitung personenbezogener Daten<\/a> zur Kenntnis.<\/small>\t\t\t\t<\/div>\n\t\t\t\t\t\t\t\t<div class=\"elementor-field-group elementor-column elementor-field-type-submit elementor-col-50 e-form__buttons\">\n\t\t\t\t\t<button type=\"submit\" class=\"elementor-button elementor-size-sm elementor-animation-grow\">\n\t\t\t\t\t\t<span >\n\t\t\t\t\t\t\t\t\t\t\t\t\t\t\t<span class=\"elementor-align-icon-right elementor-button-icon\">\n\t\t\t\t\t\t\t\t\t<i aria-hidden=\"true\" class=\"fas fa-arrow-right\"><\/i>\t\t\t\t\t\t\t\t\t\t\t\t\t\t\t\t\t<\/span>\n\t\t\t\t\t\t\t\t\t\t\t\t\t\t\t\t\t\t\t\t\t\t<span class=\"elementor-button-text\">Absenden<\/span>\n\t\t\t\t\t\t\t\t\t\t\t\t\t<\/span>\n\t\t\t\t\t<\/button>\n\t\t\t\t<\/div>\n\t\t\t<\/div>\n\t\t<\/form>\n\t\t\t\t<\/div>\n\t\t\t\t<\/div>\n\t\t\t\t\t\t<\/div>\n\t\t\t\t\t<\/div>\n\t\t<\/div>\n\t\t\t\t\t\t\t\t<\/div>\n\t\t\t\t\t<\/div>\n\t\t<\/section>\n\t\t\t\t<section data-particle_enable=\"false\" data-particle-mobile-disabled=\"false\" class=\"elementor-section elementor-top-section elementor-element elementor-element-aa569b2 elementor-section-height-min-height elementor-section-boxed elementor-section-height-default elementor-section-items-middle\" data-id=\"aa569b2\" data-element_type=\"section\" data-settings=\"{&quot;background_background&quot;:&quot;classic&quot;}\">\n\t\t\t\t\t\t\t<div class=\"elementor-background-overlay\"><\/div>\n\t\t\t\t\t\t\t<div class=\"elementor-container elementor-column-gap-default\">\n\t\t\t\t\t\t\t<div class=\"elementor-row\">\n\t\t\t\t\t<div class=\"elementor-column elementor-col-100 elementor-top-column elementor-element elementor-element-9dcda91\" data-id=\"9dcda91\" data-element_type=\"column\" data-settings=\"{&quot;background_background&quot;:&quot;classic&quot;}\">\n\t\t\t<div class=\"elementor-column-wrap elementor-element-populated\">\n\t\t\t\t\t\t\t<div class=\"elementor-widget-wrap\">\n\t\t\t\t\t\t<section data-particle_enable=\"false\" data-particle-mobile-disabled=\"false\" class=\"elementor-section elementor-inner-section elementor-element elementor-element-a4313bc elementor-section-boxed elementor-section-height-default elementor-section-height-default\" data-id=\"a4313bc\" data-element_type=\"section\" data-settings=\"{&quot;background_background&quot;:&quot;gradient&quot;}\">\n\t\t\t\t\t\t<div class=\"elementor-container elementor-column-gap-default\">\n\t\t\t\t\t\t\t<div class=\"elementor-row\">\n\t\t\t\t\t<div class=\"elementor-column elementor-col-100 elementor-inner-column elementor-element elementor-element-10ef6a5\" data-id=\"10ef6a5\" data-element_type=\"column\">\n\t\t\t<div class=\"elementor-column-wrap elementor-element-populated\">\n\t\t\t\t\t\t\t<div class=\"elementor-widget-wrap\">\n\t\t\t\t\t\t<div class=\"elementor-element elementor-element-5df525d elementor-widget elementor-widget-heading\" data-id=\"5df525d\" data-element_type=\"widget\" data-widget_type=\"heading.default\">\n\t\t\t\t<div class=\"elementor-widget-container\">\n\t\t\t<h3 class=\"elementor-heading-title elementor-size-default\">Wir freuen uns auf die Zusammenarbeit.<\/h3>\t\t<\/div>\n\t\t\t\t<\/div>\n\t\t\t\t<div class=\"elementor-element elementor-element-113bb7b elementor-align-center elementor-mobile-align-center elementor-widget elementor-widget-button\" data-id=\"113bb7b\" data-element_type=\"widget\" data-widget_type=\"button.default\">\n\t\t\t\t<div class=\"elementor-widget-container\">\n\t\t\t\t\t<div class=\"elementor-button-wrapper\">\n\t\t\t<a href=\"https:\/\/asla.cz\/de\/kontakte\/\" class=\"elementor-button-link elementor-button elementor-size-sm\" role=\"button\">\n\t\t\t\t\t\t<span class=\"elementor-button-content-wrapper\">\n\t\t\t\t\t\t<span class=\"elementor-button-text\">Kontaktieren Sie uns \u00bb<\/span>\n\t\t<\/span>\n\t\t\t\t\t<\/a>\n\t\t<\/div>\n\t\t\t\t<\/div>\n\t\t\t\t<\/div>\n\t\t\t\t\t\t<\/div>\n\t\t\t\t\t<\/div>\n\t\t<\/div>\n\t\t\t\t\t\t\t\t<\/div>\n\t\t\t\t\t<\/div>\n\t\t<\/section>\n\t\t\t\t\t\t<\/div>\n\t\t\t\t\t<\/div>\n\t\t<\/div>\n\t\t\t\t\t\t\t\t<\/div>\n\t\t\t\t\t<\/div>\n\t\t<\/section>\n\t\t\t\t\t\t<\/div>\n\t\t\t\t\t\t<\/div>\n\t\t\t\t\t<\/div>\n\t\t","protected":false},"excerpt":{"rendered":"<p>Online-Anfrage Haben Sie Interesse an unseren Leistungen? Nutzen Sie das unverbindliche, einfache Formular und wir welden uns bei Ihnen bald zur\u00fcck. Wir freuen uns auf die Zusammenarbeit. Kontaktieren Sie uns \u00bb<\/p>\n","protected":false},"author":1,"featured_media":0,"parent":0,"menu_order":0,"comment_status":"closed","ping_status":"closed","template":"","meta":[],"yoast_head":"<!-- This site is optimized with the Yoast SEO plugin v16.2 - https:\/\/yoast.com\/wordpress\/plugins\/seo\/ -->\n<title>Anfrage | ASLA | Ocelov\u00e9 stavby a z\u00e1me\u010dnick\u00e9 v\u00fdrobky<\/title>\n<meta name=\"robots\" content=\"index, follow, max-snippet:-1, max-image-preview:large, max-video-preview:-1\" \/>\n<link rel=\"canonical\" href=\"https:\/\/asla.cz\/de\/anfrage\/\" \/>\n<meta property=\"og:locale\" content=\"de_DE\" \/>\n<meta property=\"og:type\" content=\"article\" \/>\n<meta property=\"og:title\" content=\"Anfrage | ASLA | Ocelov\u00e9 stavby a z\u00e1me\u010dnick\u00e9 v\u00fdrobky\" \/>\n<meta property=\"og:description\" content=\"Online-Anfrage Haben Sie Interesse an unseren Leistungen? Nutzen Sie das unverbindliche, einfache Formular und wir welden uns bei Ihnen bald zur\u00fcck. Wir freuen uns auf die Zusammenarbeit. Kontaktieren Sie uns \u00bb\" \/>\n<meta property=\"og:url\" content=\"https:\/\/asla.cz\/de\/anfrage\/\" \/>\n<meta property=\"og:site_name\" content=\"ASLA | Ocelov\u00e9 stavby a z\u00e1me\u010dnick\u00e9 v\u00fdrobky\" \/>\n<meta property=\"article:publisher\" content=\"https:\/\/www.facebook.com\/agromontslatina\" \/>\n<meta property=\"article:modified_time\" content=\"2021-05-18T05:29:17+00:00\" \/>\n<meta name=\"twitter:card\" content=\"summary_large_image\" \/>\n<meta name=\"twitter:label1\" content=\"Gesch\u00e4tzte Lesezeit\">\n\t<meta name=\"twitter:data1\" content=\"1\u00a0Minute\">\n<script type=\"application\/ld+json\" class=\"yoast-schema-graph\">{\"@context\":\"https:\/\/schema.org\",\"@graph\":[{\"@type\":\"Organization\",\"@id\":\"https:\/\/asla.cz\/#organization\",\"name\":\"ASLA\",\"url\":\"https:\/\/asla.cz\/\",\"sameAs\":[\"https:\/\/www.facebook.com\/agromontslatina\",\"https:\/\/www.instagram.com\/asla.cz\/\",\"https:\/\/www.linkedin.com\/company\/asla-cz\/\"],\"logo\":{\"@type\":\"ImageObject\",\"@id\":\"https:\/\/asla.cz\/#logo\",\"inLanguage\":\"de\",\"url\":\"http:\/\/asla.cz\/wp-content\/uploads\/2020\/10\/asla-logo.svg\",\"contentUrl\":\"http:\/\/asla.cz\/wp-content\/uploads\/2020\/10\/asla-logo.svg\",\"width\":158,\"height\":40,\"caption\":\"ASLA\"},\"image\":{\"@id\":\"https:\/\/asla.cz\/#logo\"}},{\"@type\":\"WebSite\",\"@id\":\"https:\/\/asla.cz\/#website\",\"url\":\"https:\/\/asla.cz\/\",\"name\":\"ASLA | Ocelov\\u00e9 stavby a z\\u00e1me\\u010dnick\\u00e9 v\\u00fdrobky\",\"description\":\"Energetick\\u00e9 stavby a rozvodny, ocelov\\u00e9 montovan\\u00e9 haly a v\\u00fdrobky\",\"publisher\":{\"@id\":\"https:\/\/asla.cz\/#organization\"},\"potentialAction\":[{\"@type\":\"SearchAction\",\"target\":\"https:\/\/asla.cz\/?s={search_term_string}\",\"query-input\":\"required name=search_term_string\"}],\"inLanguage\":\"de\"},{\"@type\":\"WebPage\",\"@id\":\"https:\/\/asla.cz\/de\/anfrage\/#webpage\",\"url\":\"https:\/\/asla.cz\/de\/anfrage\/\",\"name\":\"Anfrage | ASLA | Ocelov\\u00e9 stavby a z\\u00e1me\\u010dnick\\u00e9 v\\u00fdrobky\",\"isPartOf\":{\"@id\":\"https:\/\/asla.cz\/#website\"},\"datePublished\":\"2021-02-24T07:09:17+00:00\",\"dateModified\":\"2021-05-18T05:29:17+00:00\",\"breadcrumb\":{\"@id\":\"https:\/\/asla.cz\/de\/anfrage\/#breadcrumb\"},\"inLanguage\":\"de\",\"potentialAction\":[{\"@type\":\"ReadAction\",\"target\":[\"https:\/\/asla.cz\/de\/anfrage\/\"]}]},{\"@type\":\"BreadcrumbList\",\"@id\":\"https:\/\/asla.cz\/de\/anfrage\/#breadcrumb\",\"itemListElement\":[{\"@type\":\"ListItem\",\"position\":1,\"item\":{\"@type\":\"WebPage\",\"@id\":\"https:\/\/asla.cz\/de\/\",\"url\":\"https:\/\/asla.cz\/de\/\",\"name\":\"Home\"}},{\"@type\":\"ListItem\",\"position\":2,\"item\":{\"@id\":\"https:\/\/asla.cz\/de\/anfrage\/#webpage\"}}]}]}<\/script>\n<!-- \/ Yoast SEO plugin. -->","_links":{"self":[{"href":"https:\/\/asla.cz\/de\/wp-json\/wp\/v2\/pages\/1593"}],"collection":[{"href":"https:\/\/asla.cz\/de\/wp-json\/wp\/v2\/pages"}],"about":[{"href":"https:\/\/asla.cz\/de\/wp-json\/wp\/v2\/types\/page"}],"author":[{"embeddable":true,"href":"https:\/\/asla.cz\/de\/wp-json\/wp\/v2\/users\/1"}],"replies":[{"embeddable":true,"href":"https:\/\/asla.cz\/de\/wp-json\/wp\/v2\/comments?post=1593"}],"version-history":[{"count":0,"href":"https:\/\/asla.cz\/de\/wp-json\/wp\/v2\/pages\/1593\/revisions"}],"wp:attachment":[{"href":"https:\/\/asla.cz\/de\/wp-json\/wp\/v2\/media?parent=1593"}],"curies":[{"name":"wp","href":"https:\/\/api.w.org\/{rel}","templated":true}]}}